{"id":47,"date":"2023-01-31T11:03:36","date_gmt":"2023-01-31T10:03:36","guid":{"rendered":"http:\/\/bulle-douceur.fr\/?page_id=47"},"modified":"2025-11-26T09:54:02","modified_gmt":"2025-11-26T08:54:02","slug":"bain-renaissance","status":"publish","type":"page","link":"https:\/\/bulle-douceur.fr\/index.php\/bain-renaissance\/","title":{"rendered":"BAIN DU NOUVEAU N\u00c9 EN HARMONIE"},"content":{"rendered":"\t\t<div data-elementor-type=\"wp-page\" data-elementor-id=\"47\" class=\"elementor elementor-47\" data-elementor-post-type=\"page\">\n\t\t\t\t\t\t<section class=\"elementor-section elementor-top-section elementor-element elementor-element-aa49325 elementor-section-boxed elementor-section-height-default elementor-section-height-default\" data-id=\"aa49325\" data-element_type=\"section\">\n\t\t\t\t\t\t<div class=\"elementor-container elementor-column-gap-default\">\n\t\t\t\t\t<div class=\"elementor-column elementor-col-100 elementor-top-column elementor-element elementor-element-f8af91e\" data-id=\"f8af91e\" data-element_type=\"column\">\n\t\t\t<div class=\"elementor-widget-wrap elementor-element-populated\">\n\t\t\t\t\t\t<div class=\"elementor-element elementor-element-00a88b9 elementor-widget elementor-widget-heading\" data-id=\"00a88b9\" data-element_type=\"widget\" data-widget_type=\"heading.default\">\n\t\t\t\t<div class=\"elementor-widget-container\">\n\t\t\t\t\t<h2 class=\"elementor-heading-title elementor-size-default\">- Bain du nouveau n\u00e9 -<\/h2>\t\t\t\t<\/div>\n\t\t\t\t<\/div>\n\t\t\t\t\t<\/div>\n\t\t<\/div>\n\t\t\t\t\t<\/div>\n\t\t<\/section>\n\t\t\t\t<section class=\"elementor-section elementor-top-section elementor-element elementor-element-e00c296 elementor-section-boxed elementor-section-height-default elementor-section-height-default\" data-id=\"e00c296\" data-element_type=\"section\" data-settings=\"{&quot;background_background&quot;:&quot;classic&quot;}\">\n\t\t\t\t\t\t<div class=\"elementor-container elementor-column-gap-default\">\n\t\t\t\t\t<div class=\"elementor-column elementor-col-100 elementor-top-column elementor-element elementor-element-41a3680\" data-id=\"41a3680\" data-element_type=\"column\">\n\t\t\t<div class=\"elementor-widget-wrap elementor-element-populated\">\n\t\t\t\t\t\t<div class=\"elementor-element elementor-element-a60deee elementor-widget elementor-widget-heading\" data-id=\"a60deee\" data-element_type=\"widget\" data-widget_type=\"heading.default\">\n\t\t\t\t<div class=\"elementor-widget-container\">\n\t\t\t\t\t<h3 class=\"elementor-heading-title elementor-size-default\">Douceur et \u00e9motion.<\/h3>\t\t\t\t<\/div>\n\t\t\t\t<\/div>\n\t\t\t\t\t<\/div>\n\t\t<\/div>\n\t\t\t\t\t<\/div>\n\t\t<\/section>\n\t\t\t\t<section class=\"elementor-section elementor-top-section elementor-element elementor-element-dd51ce7 elementor-section-boxed elementor-section-height-default elementor-section-height-default\" data-id=\"dd51ce7\" data-element_type=\"section\">\n\t\t\t\t\t\t<div class=\"elementor-container elementor-column-gap-default\">\n\t\t\t\t\t<div class=\"elementor-column elementor-col-100 elementor-top-column elementor-element elementor-element-d4c1811\" data-id=\"d4c1811\" data-element_type=\"column\">\n\t\t\t<div class=\"elementor-widget-wrap elementor-element-populated\">\n\t\t\t\t\t\t<div class=\"elementor-element elementor-element-95e1183 elementor-widget elementor-widget-text-editor\" data-id=\"95e1183\" data-element_type=\"widget\" data-widget_type=\"text-editor.default\">\n\t\t\t\t<div class=\"elementor-widget-container\">\n\t\t\t\t\t\t\t\t\t<p style=\"font-weight: 400;\">Prendre le temps pour accompagner vers ce doux l\u00e2cher prise.<\/p><p style=\"font-weight: 400;\">Un soin d\u2019amour \u00e0 partager avec ses parents.<\/p><p style=\"font-weight: 400;\">Un bain envelopp\u00e9 rempli d\u2019\u00e9motions o\u00f9 les parents sont acteurs de ce soin.<\/p><p style=\"font-weight: 400;\">Je suis l\u00e0 pour les guider dans leurs gestes et mouvements, pour amener b\u00e9b\u00e9 vers la d\u00e9tente.<\/p><p style=\"font-weight: 400;\">Ce soin permet \u00e0 b\u00e9b\u00e9 de revivre les sensations in-utero, de d\u00e9lier son histoire de naissance, c\u2019est l\u2019aider \u00e0 se d\u00e9charger des tensions accumul\u00e9es durant la grossesse et l\u2019accouchement. Cela permettra aux parents de renforcer les liens d\u2019attachements avec leur b\u00e9b\u00e9, de prendre confiance.<\/p><p style=\"font-weight: 400;\">Ce soin dure 2h, il comprend un temps d\u2019\u00e9change sur la grossesse, la naissance et le rythme de b\u00e9b\u00e9 avant le bain.<\/p><p style=\"font-weight: 400;\">Un v\u00e9ritable cadeau de naissance pour b\u00e9b\u00e9 et ses parents.<\/p><p style=\"font-weight: 400;\"><span style=\"text-decoration: underline;\">Bain \u00e0 r\u00e9aliser dans les trois premi\u00e8res semaines de vie de b\u00e9b\u00e9.<\/span><\/p>\t\t\t\t\t\t\t\t<\/div>\n\t\t\t\t<\/div>\n\t\t\t\t<div class=\"elementor-element elementor-element-07a74f4 elementor-widget-divider--view-line elementor-widget elementor-widget-divider\" data-id=\"07a74f4\" data-element_type=\"widget\" data-widget_type=\"divider.default\">\n\t\t\t\t<div class=\"elementor-widget-container\">\n\t\t\t\t\t\t\t<div class=\"elementor-divider\">\n\t\t\t<span class=\"elementor-divider-separator\">\n\t\t\t\t\t\t<\/span>\n\t\t<\/div>\n\t\t\t\t\t\t<\/div>\n\t\t\t\t<\/div>\n\t\t\t\t<div class=\"elementor-element elementor-element-1910e13 elementor-widget elementor-widget-text-editor\" data-id=\"1910e13\" data-element_type=\"widget\" data-widget_type=\"text-editor.default\">\n\t\t\t\t<div class=\"elementor-widget-container\">\n\t\t\t\t\t\t\t\t\t<p style=\"font-weight: 400;\">Les parents ont la possibilit\u00e9 de choisir\u00a0:<\/p><p>\u2022 Le b\u00e9b\u00e9 immerg\u00e9 seul dans l\u2019eau<\/p><p>OU<\/p><p>\u2022 Immerg\u00e9 avec l\u2019un de ses parents ou les deux<\/p><p>Ce moment suspendu peut \u00eatre immortalis\u00e9, en collaboration avec une photographe <em>(option suppl\u00e9mentaire &#8211; me contacter pour plus d&rsquo;informations).<\/em><\/p>\t\t\t\t\t\t\t\t<\/div>\n\t\t\t\t<\/div>\n\t\t\t\t<div class=\"elementor-element elementor-element-c683309 elementor-widget elementor-widget-heading\" data-id=\"c683309\" data-element_type=\"widget\" data-widget_type=\"heading.default\">\n\t\t\t\t<div class=\"elementor-widget-container\">\n\t\t\t\t\t<h3 class=\"elementor-heading-title elementor-size-default\">J\u2019ai h\u00e2te de vous amener dans votre bulle de douceur... Afin d'apaiser b\u00e9b\u00e9 et ses parents.<\/h3>\t\t\t\t<\/div>\n\t\t\t\t<\/div>\n\t\t\t\t\t<\/div>\n\t\t<\/div>\n\t\t\t\t\t<\/div>\n\t\t<\/section>\n\t\t\t\t<section class=\"elementor-section elementor-top-section elementor-element elementor-element-82727e0 elementor-section-boxed elementor-section-height-default elementor-section-height-default\" data-id=\"82727e0\" data-element_type=\"section\">\n\t\t\t\t\t\t<div class=\"elementor-container elementor-column-gap-default\">\n\t\t\t\t\t<div class=\"elementor-column elementor-col-100 elementor-top-column elementor-element elementor-element-a8cd550\" data-id=\"a8cd550\" data-element_type=\"column\">\n\t\t\t<div class=\"elementor-widget-wrap elementor-element-populated\">\n\t\t\t\t\t\t<div class=\"elementor-element elementor-element-57b0fc0 elementor-pagination-position-inside elementor-skin-carousel elementor-arrows-yes elementor-pagination-type-bullets elementor-widget elementor-widget-media-carousel\" data-id=\"57b0fc0\" data-element_type=\"widget\" data-settings=\"{&quot;slides_per_view&quot;:&quot;3&quot;,&quot;slides_to_scroll&quot;:&quot;1&quot;,&quot;space_between&quot;:{&quot;unit&quot;:&quot;px&quot;,&quot;size&quot;:26,&quot;sizes&quot;:[]},&quot;skin&quot;:&quot;carousel&quot;,&quot;effect&quot;:&quot;slide&quot;,&quot;show_arrows&quot;:&quot;yes&quot;,&quot;pagination&quot;:&quot;bullets&quot;,&quot;speed&quot;:500,&quot;autoplay&quot;:&quot;yes&quot;,&quot;autoplay_speed&quot;:5000,&quot;loop&quot;:&quot;yes&quot;,&quot;pause_on_hover&quot;:&quot;yes&quot;,&quot;pause_on_interaction&quot;:&quot;yes&quot;,&quot;space_between_tablet&quot;:{&quot;unit&quot;:&quot;px&quot;,&quot;size&quot;:10,&quot;sizes&quot;:[]},&quot;space_between_mobile&quot;:{&quot;unit&quot;:&quot;px&quot;,&quot;size&quot;:10,&quot;sizes&quot;:[]}}\" data-widget_type=\"media-carousel.default\">\n\t\t\t\t<div class=\"elementor-widget-container\">\n\t\t\t\t\t\t\t\t\t<div class=\"elementor-swiper\">\n\t\t\t\t\t<div class=\"elementor-main-swiper swiper\" role=\"region\" aria-roledescription=\"carousel\" aria-label=\"Diapositives\">\n\t\t\t\t<div class=\"swiper-wrapper\">\n\t\t\t\t\t\t\t\t\t\t\t<div class=\"swiper-slide\" role=\"group\" aria-roledescription=\"slide\">\n\t\t\t\t\t\t\t\t\t<div class=\"elementor-carousel-image\" role=\"img\" aria-label=\"1000005520\" style=\"background-image: url(&#039;https:\/\/bulle-douceur.fr\/wp-content\/uploads\/2023\/04\/1000005520.jpg&#039;)\">\n\n\t\t\t\n\t\t\t\t\t<\/div>\n\t\t\t\t\t\t\t\t<\/div>\n\t\t\t\t\t\t\t\t\t\t\t<div class=\"swiper-slide\" role=\"group\" aria-roledescription=\"slide\">\n\t\t\t\t\t\t\t\t\t<div class=\"elementor-carousel-image\" role=\"img\" aria-label=\"1000005524\" style=\"background-image: url(&#039;https:\/\/bulle-douceur.fr\/wp-content\/uploads\/2023\/04\/1000005524.jpg&#039;)\">\n\n\t\t\t\n\t\t\t\t\t<\/div>\n\t\t\t\t\t\t\t\t<\/div>\n\t\t\t\t\t\t\t\t\t\t\t<div class=\"swiper-slide\" role=\"group\" aria-roledescription=\"slide\">\n\t\t\t\t\t\t\t\t\t<div class=\"elementor-carousel-image\" role=\"img\" aria-label=\"1000005525\" style=\"background-image: url(&#039;https:\/\/bulle-douceur.fr\/wp-content\/uploads\/2023\/04\/1000005525.jpg&#039;)\">\n\n\t\t\t\n\t\t\t\t\t<\/div>\n\t\t\t\t\t\t\t\t<\/div>\n\t\t\t\t\t\t\t\t\t<\/div>\n\t\t\t\t\t\t\t\t\t\t\t\t\t\t\t<div class=\"elementor-swiper-button elementor-swiper-button-prev\" role=\"button\" tabindex=\"0\" aria-label=\"Pr\u00e9c\u00e9dent\">\n\t\t\t\t\t\t\t<i aria-hidden=\"true\" class=\"eicon-chevron-left\"><\/i>\t\t\t\t\t\t<\/div>\n\t\t\t\t\t\t<div class=\"elementor-swiper-button elementor-swiper-button-next\" role=\"button\" tabindex=\"0\" aria-label=\"Suivant\">\n\t\t\t\t\t\t\t<i aria-hidden=\"true\" class=\"eicon-chevron-right\"><\/i>\t\t\t\t\t\t<\/div>\n\t\t\t\t\t\t\t\t\t\t\t\t\t\t\t\t<div class=\"swiper-pagination\"><\/div>\n\t\t\t\t\t\t\t\t\t\t\t\t<\/div>\n\t\t\t\t<\/div>\n\t\t\t\t\t\t\t\t<\/div>\n\t\t\t\t<\/div>\n\t\t\t\t\t<\/div>\n\t\t<\/div>\n\t\t\t\t\t<\/div>\n\t\t<\/section>\n\t\t\t\t<section class=\"elementor-section elementor-top-section elementor-element elementor-element-094f532 elementor-section-boxed elementor-section-height-default elementor-section-height-default\" data-id=\"094f532\" data-element_type=\"section\">\n\t\t\t\t\t\t<div class=\"elementor-container elementor-column-gap-default\">\n\t\t\t\t\t<div class=\"elementor-column elementor-col-100 elementor-top-column elementor-element elementor-element-fc86ee0\" data-id=\"fc86ee0\" data-element_type=\"column\">\n\t\t\t<div class=\"elementor-widget-wrap elementor-element-populated\">\n\t\t\t\t\t\t<div class=\"elementor-element elementor-element-c21c12f elementor-widget-divider--separator-type-pattern elementor-widget-divider--no-spacing elementor-widget-divider--view-line elementor-widget elementor-widget-divider\" data-id=\"c21c12f\" data-element_type=\"widget\" data-widget_type=\"divider.default\">\n\t\t\t\t<div class=\"elementor-widget-container\">\n\t\t\t\t\t\t\t<div class=\"elementor-divider\" style=\"--divider-pattern-url: url(&quot;data:image\/svg+xml,%3Csvg xmlns=&#039;http:\/\/www.w3.org\/2000\/svg&#039; preserveAspectRatio=&#039;xMidYMid meet&#039; overflow=&#039;visible&#039; height=&#039;100%&#039; viewBox=&#039;0 0 126 26&#039; fill=&#039;black&#039; stroke=&#039;none&#039;%3E%3Cpath d=&#039;M3,10.2c2.6,0,2.6,2,2.6,3.2S4.4,16.5,3,16.5s-3-1.4-3-3.2S0.4,10.2,3,10.2z M18.8,10.2c1.7,0,3.2,1.4,3.2,3.2s-1.4,3.2-3.2,3.2c-1.7,0-3.2-1.4-3.2-3.2S17,10.2,18.8,10.2z M34.6,10.2c1.5,0,2.6,1.4,2.6,3.2s-0.5,3.2-1.9,3.2c-1.5,0-3.4-1.4-3.4-3.2S33.1,10.2,34.6,10.2z M50.5,10.2c1.7,0,3.2,1.4,3.2,3.2s-1.4,3.2-3.2,3.2c-1.7,0-3.3-0.9-3.3-2.6S48.7,10.2,50.5,10.2z M66.2,10.2c1.5,0,3.4,1.4,3.4,3.2s-1.9,3.2-3.4,3.2c-1.5,0-2.6-0.4-2.6-2.1S64.8,10.2,66.2,10.2z M82.2,10.2c1.7,0.8,2.6,1.4,2.6,3.2s-0.1,3.2-1.6,3.2c-1.5,0-3.7-1.4-3.7-3.2S80.5,9.4,82.2,10.2zM98.6,10.2c1.5,0,2.6,0.4,2.6,2.1s-1.2,4.2-2.6,4.2c-1.5,0-3.7-0.4-3.7-2.1S97.1,10.2,98.6,10.2z M113.4,10.2c1.2,0,2.2,0.9,2.2,3.2s-0.1,3.2-1.3,3.2s-3.1-1.4-3.1-3.2S112.2,10.2,113.4,10.2z&#039;\/%3E%3C\/svg%3E&quot;);\">\n\t\t\t<span class=\"elementor-divider-separator\">\n\t\t\t\t\t\t<\/span>\n\t\t<\/div>\n\t\t\t\t\t\t<\/div>\n\t\t\t\t<\/div>\n\t\t\t\t<div class=\"elementor-element elementor-element-4e10cf8 elementor-widget elementor-widget-heading\" data-id=\"4e10cf8\" data-element_type=\"widget\" data-widget_type=\"heading.default\">\n\t\t\t\t<div class=\"elementor-widget-container\">\n\t\t\t\t\t<h3 class=\"elementor-heading-title elementor-size-default\">Pour un souvenir inoubliable.<\/h3>\t\t\t\t<\/div>\n\t\t\t\t<\/div>\n\t\t\t\t<div class=\"elementor-element elementor-element-7ea11fc elementor-widget elementor-widget-text-editor\" data-id=\"7ea11fc\" data-element_type=\"widget\" data-widget_type=\"text-editor.default\">\n\t\t\t\t<div class=\"elementor-widget-container\">\n\t\t\t\t\t\t\t\t\t<div dir=\"auto\">Bulle de Douceur s\u2019associe \u00e0 Magalie Gameiro, talentueuse cr\u00e9atrice en papeterie, pour vous offrir une exp\u00e9rience encore plus magique autour du Bain du Nouveau-N\u00e9. Si vous le souhaitez, vous pouvez d\u00e9sormais, en plus de ce moment de douceur et de connexion avec votre b\u00e9b\u00e9 lors du Bain , immortaliser en photos ces instants pr\u00e9cieux . Puis, Magalie Gameiro r\u00e9alisera un album unique\u00a0 de 12 photos o\u00f9 vous pourrez choisir, le th\u00e8me,\u00a0 les couleurs, con\u00e7u sp\u00e9cialement pour conserver et revivre ce souvenir inestimable.<\/div><div dir=\"auto\">\u00a0<\/div><div dir=\"auto\">Parce que ces instants suspendus m\u00e9ritent d\u2019\u00eatre ch\u00e9ris pour toujours !<\/div><div dir=\"auto\">\u00a0<\/div><div dir=\"auto\"><em>(option suppl\u00e9mentaire &#8211; me contacter pour plus d&rsquo;informations)<\/em><\/div>\t\t\t\t\t\t\t\t<\/div>\n\t\t\t\t<\/div>\n\t\t\t\t<section class=\"elementor-section elementor-inner-section elementor-element elementor-element-b4b088d elementor-section-boxed elementor-section-height-default elementor-section-height-default\" data-id=\"b4b088d\" data-element_type=\"section\">\n\t\t\t\t\t\t<div class=\"elementor-container elementor-column-gap-default\">\n\t\t\t\t\t<div class=\"elementor-column elementor-col-33 elementor-inner-column elementor-element elementor-element-d9f67a4\" data-id=\"d9f67a4\" data-element_type=\"column\">\n\t\t\t<div class=\"elementor-widget-wrap elementor-element-populated\">\n\t\t\t\t\t\t<div class=\"elementor-element elementor-element-657a1f5 elementor-widget elementor-widget-image\" data-id=\"657a1f5\" data-element_type=\"widget\" data-widget_type=\"image.default\">\n\t\t\t\t<div class=\"elementor-widget-container\">\n\t\t\t\t\t\t\t\t\t\t\t\t\t\t\t<img fetchpriority=\"high\" decoding=\"async\" width=\"1024\" height=\"1024\" src=\"https:\/\/bulle-douceur.fr\/wp-content\/uploads\/2025\/02\/1-1024x1024.jpg\" class=\"attachment-large size-large wp-image-801\" alt=\"\" srcset=\"https:\/\/bulle-douceur.fr\/wp-content\/uploads\/2025\/02\/1-1024x1024.jpg 1024w, https:\/\/bulle-douceur.fr\/wp-content\/uploads\/2025\/02\/1-300x300.jpg 300w, https:\/\/bulle-douceur.fr\/wp-content\/uploads\/2025\/02\/1-150x150.jpg 150w, https:\/\/bulle-douceur.fr\/wp-content\/uploads\/2025\/02\/1-768x768.jpg 768w, https:\/\/bulle-douceur.fr\/wp-content\/uploads\/2025\/02\/1-1536x1536.jpg 1536w, https:\/\/bulle-douceur.fr\/wp-content\/uploads\/2025\/02\/1.jpg 1620w\" sizes=\"(max-width: 1024px) 100vw, 1024px\" \/>\t\t\t\t\t\t\t\t\t\t\t\t\t\t\t<\/div>\n\t\t\t\t<\/div>\n\t\t\t\t\t<\/div>\n\t\t<\/div>\n\t\t\t\t<div class=\"elementor-column elementor-col-33 elementor-inner-column elementor-element elementor-element-ee3e726\" data-id=\"ee3e726\" data-element_type=\"column\">\n\t\t\t<div class=\"elementor-widget-wrap elementor-element-populated\">\n\t\t\t\t\t\t<div class=\"elementor-element elementor-element-2fddde9 elementor-widget elementor-widget-image\" data-id=\"2fddde9\" data-element_type=\"widget\" data-widget_type=\"image.default\">\n\t\t\t\t<div class=\"elementor-widget-container\">\n\t\t\t\t\t\t\t\t\t\t\t\t\t\t\t<img decoding=\"async\" width=\"1024\" height=\"1024\" src=\"https:\/\/bulle-douceur.fr\/wp-content\/uploads\/2025\/02\/2-1024x1024.jpg\" class=\"attachment-large size-large wp-image-802\" alt=\"\" srcset=\"https:\/\/bulle-douceur.fr\/wp-content\/uploads\/2025\/02\/2-1024x1024.jpg 1024w, https:\/\/bulle-douceur.fr\/wp-content\/uploads\/2025\/02\/2-300x300.jpg 300w, https:\/\/bulle-douceur.fr\/wp-content\/uploads\/2025\/02\/2-150x150.jpg 150w, https:\/\/bulle-douceur.fr\/wp-content\/uploads\/2025\/02\/2-768x768.jpg 768w, https:\/\/bulle-douceur.fr\/wp-content\/uploads\/2025\/02\/2-1536x1536.jpg 1536w, https:\/\/bulle-douceur.fr\/wp-content\/uploads\/2025\/02\/2.jpg 1620w\" sizes=\"(max-width: 1024px) 100vw, 1024px\" \/>\t\t\t\t\t\t\t\t\t\t\t\t\t\t\t<\/div>\n\t\t\t\t<\/div>\n\t\t\t\t\t<\/div>\n\t\t<\/div>\n\t\t\t\t<div class=\"elementor-column elementor-col-33 elementor-inner-column elementor-element elementor-element-9c8caaa\" data-id=\"9c8caaa\" data-element_type=\"column\">\n\t\t\t<div class=\"elementor-widget-wrap elementor-element-populated\">\n\t\t\t\t\t\t<div class=\"elementor-element elementor-element-5be640d elementor-widget elementor-widget-image\" data-id=\"5be640d\" data-element_type=\"widget\" data-widget_type=\"image.default\">\n\t\t\t\t<div class=\"elementor-widget-container\">\n\t\t\t\t\t\t\t\t\t\t\t\t\t\t\t<img decoding=\"async\" width=\"1024\" height=\"1024\" src=\"https:\/\/bulle-douceur.fr\/wp-content\/uploads\/2025\/02\/3-1024x1024.jpg\" class=\"attachment-large size-large wp-image-803\" alt=\"\" srcset=\"https:\/\/bulle-douceur.fr\/wp-content\/uploads\/2025\/02\/3-1024x1024.jpg 1024w, https:\/\/bulle-douceur.fr\/wp-content\/uploads\/2025\/02\/3-300x300.jpg 300w, https:\/\/bulle-douceur.fr\/wp-content\/uploads\/2025\/02\/3-150x150.jpg 150w, https:\/\/bulle-douceur.fr\/wp-content\/uploads\/2025\/02\/3-768x768.jpg 768w, https:\/\/bulle-douceur.fr\/wp-content\/uploads\/2025\/02\/3-1536x1536.jpg 1536w, https:\/\/bulle-douceur.fr\/wp-content\/uploads\/2025\/02\/3.jpg 1620w\" sizes=\"(max-width: 1024px) 100vw, 1024px\" \/>\t\t\t\t\t\t\t\t\t\t\t\t\t\t\t<\/div>\n\t\t\t\t<\/div>\n\t\t\t\t\t<\/div>\n\t\t<\/div>\n\t\t\t\t\t<\/div>\n\t\t<\/section>\n\t\t\t\t<section class=\"elementor-section elementor-inner-section elementor-element elementor-element-84c5c94 elementor-section-boxed elementor-section-height-default elementor-section-height-default\" data-id=\"84c5c94\" data-element_type=\"section\">\n\t\t\t\t\t\t<div class=\"elementor-container elementor-column-gap-default\">\n\t\t\t\t\t<div class=\"elementor-column elementor-col-100 elementor-inner-column elementor-element elementor-element-a09ee38\" data-id=\"a09ee38\" data-element_type=\"column\">\n\t\t\t<div class=\"elementor-widget-wrap elementor-element-populated\">\n\t\t\t\t\t\t<div class=\"elementor-element elementor-element-21dd808 elementor-widget elementor-widget-text-editor\" data-id=\"21dd808\" data-element_type=\"widget\" data-widget_type=\"text-editor.default\">\n\t\t\t\t<div class=\"elementor-widget-container\">\n\t\t\t\t\t\t\t\t\t<div dir=\"auto\">Suivez-la sur instagram !<\/div>\t\t\t\t\t\t\t\t<\/div>\n\t\t\t\t<\/div>\n\t\t\t\t\t<\/div>\n\t\t<\/div>\n\t\t\t\t\t<\/div>\n\t\t<\/section>\n\t\t\t\t<section class=\"elementor-section elementor-inner-section elementor-element elementor-element-9f96423 elementor-section-boxed elementor-section-height-default elementor-section-height-default\" data-id=\"9f96423\" data-element_type=\"section\">\n\t\t\t\t\t\t<div class=\"elementor-container elementor-column-gap-default\">\n\t\t\t\t\t<div class=\"elementor-column elementor-col-100 elementor-inner-column elementor-element elementor-element-944c0f5\" data-id=\"944c0f5\" data-element_type=\"column\">\n\t\t\t<div class=\"elementor-widget-wrap elementor-element-populated\">\n\t\t\t\t\t\t<div class=\"elementor-element elementor-element-b0e515b elementor-view-framed elementor-shape-circle elementor-widget elementor-widget-icon\" data-id=\"b0e515b\" data-element_type=\"widget\" data-widget_type=\"icon.default\">\n\t\t\t\t<div class=\"elementor-widget-container\">\n\t\t\t\t\t\t\t<div class=\"elementor-icon-wrapper\">\n\t\t\t<a class=\"elementor-icon elementor-animation-shrink\" href=\"https:\/\/www.instagram.com\/magaliegameiro?igsh=MWR6MHl1YTkybGw0bw==\">\n\t\t\t<i aria-hidden=\"true\" class=\"fab fa-instagram\"><\/i>\t\t\t<\/a>\n\t\t<\/div>\n\t\t\t\t\t\t<\/div>\n\t\t\t\t<\/div>\n\t\t\t\t\t<\/div>\n\t\t<\/div>\n\t\t\t\t\t<\/div>\n\t\t<\/section>\n\t\t\t\t\t<\/div>\n\t\t<\/div>\n\t\t\t\t\t<\/div>\n\t\t<\/section>\n\t\t\t\t<section class=\"elementor-section elementor-top-section elementor-element elementor-element-e122dbe elementor-section-boxed elementor-section-height-default elementor-section-height-default\" data-id=\"e122dbe\" data-element_type=\"section\">\n\t\t\t\t\t\t<div class=\"elementor-container elementor-column-gap-default\">\n\t\t\t\t\t<div class=\"elementor-column elementor-col-100 elementor-top-column elementor-element elementor-element-d4bf912\" data-id=\"d4bf912\" data-element_type=\"column\">\n\t\t\t<div class=\"elementor-widget-wrap elementor-element-populated\">\n\t\t\t\t\t\t<div class=\"elementor-element elementor-element-0ca22ee elementor-widget elementor-widget-spacer\" data-id=\"0ca22ee\" data-element_type=\"widget\" data-widget_type=\"spacer.default\">\n\t\t\t\t<div class=\"elementor-widget-container\">\n\t\t\t\t\t\t\t<div class=\"elementor-spacer\">\n\t\t\t<div class=\"elementor-spacer-inner\"><\/div>\n\t\t<\/div>\n\t\t\t\t\t\t<\/div>\n\t\t\t\t<\/div>\n\t\t\t\t\t<\/div>\n\t\t<\/div>\n\t\t\t\t\t<\/div>\n\t\t<\/section>\n\t\t\t\t<\/div>\n\t\t","protected":false},"excerpt":{"rendered":"<p>&#8211; Bain du nouveau n\u00e9 &#8211; Douceur et \u00e9motion. Prendre le temps pour accompagner vers ce doux l\u00e2cher prise. Un soin d\u2019amour \u00e0 partager avec ses parents. Un bain envelopp\u00e9 rempli d\u2019\u00e9motions o\u00f9 les parents sont acteurs de ce soin. Je suis l\u00e0 pour les guider dans leurs gestes et mouvements, pour amener b\u00e9b\u00e9 vers &hellip;<\/p>\n<p class=\"read-more\"> <a class=\"\" href=\"https:\/\/bulle-douceur.fr\/index.php\/bain-renaissance\/\"> <span class=\"screen-reader-text\">BAIN DU NOUVEAU N\u00c9 EN HARMONIE<\/span> Lire la suite\u00a0\u00bb<\/a><\/p>\n","protected":false},"author":1,"featured_media":0,"parent":0,"menu_order":0,"comment_status":"closed","ping_status":"closed","template":"","meta":{"site-sidebar-layout":"no-sidebar","site-content-layout":"page-builder","ast-global-header-display":"","ast-main-header-display":"","ast-hfb-above-header-display":"","ast-hfb-below-header-display":"","ast-hfb-mobile-header-display":"","site-post-title":"disabled","ast-breadcrumbs-content":"","ast-featured-img":"disabled","footer-sml-layout":"","theme-transparent-header-meta":"","adv-header-id-meta":"","stick-header-meta":"","header-above-stick-meta":"","header-main-stick-meta":"","header-below-stick-meta":"","footnotes":""},"class_list":["post-47","page","type-page","status-publish","hentry"],"_links":{"self":[{"href":"https:\/\/bulle-douceur.fr\/index.php\/wp-json\/wp\/v2\/pages\/47","targetHints":{"allow":["GET"]}}],"collection":[{"href":"https:\/\/bulle-douceur.fr\/index.php\/wp-json\/wp\/v2\/pages"}],"about":[{"href":"https:\/\/bulle-douceur.fr\/index.php\/wp-json\/wp\/v2\/types\/page"}],"author":[{"embeddable":true,"href":"https:\/\/bulle-douceur.fr\/index.php\/wp-json\/wp\/v2\/users\/1"}],"replies":[{"embeddable":true,"href":"https:\/\/bulle-douceur.fr\/index.php\/wp-json\/wp\/v2\/comments?post=47"}],"version-history":[{"count":56,"href":"https:\/\/bulle-douceur.fr\/index.php\/wp-json\/wp\/v2\/pages\/47\/revisions"}],"predecessor-version":[{"id":1187,"href":"https:\/\/bulle-douceur.fr\/index.php\/wp-json\/wp\/v2\/pages\/47\/revisions\/1187"}],"wp:attachment":[{"href":"https:\/\/bulle-douceur.fr\/index.php\/wp-json\/wp\/v2\/media?parent=47"}],"curies":[{"name":"wp","href":"https:\/\/api.w.org\/{rel}","templated":true}]}}